{"id":5183,"date":"2025-04-02T09:28:40","date_gmt":"2025-04-02T14:28:40","guid":{"rendered":"https:\/\/templofit.com.co\/?page_id=5183"},"modified":"2026-02-04T22:25:57","modified_gmt":"2026-02-05T03:25:57","slug":"convenios","status":"publish","type":"page","link":"https:\/\/templofit.com.co\/index.php\/convenios\/","title":{"rendered":"CONVENIOS"},"content":{"rendered":"<p><div class=\"fusion-fullwidth fullwidth-box fusion-builder-row-1 fusion-flex-container has-pattern-background has-mask-background nonhundred-percent-fullwidth non-hundred-percent-height-scrolling\" style=\"--awb-border-radius-top-left:0px;--awb-border-radius-top-right:0px;--awb-border-radius-bottom-right:0px;--awb-border-radius-bottom-left:0px;--awb-flex-wrap:wrap;\" ><div class=\"fusion-builder-row fusion-row fusion-flex-align-items-flex-start fusion-flex-content-wrap\" style=\"max-width:1248px;margin-left: calc(-4% \/ 2 );margin-right: calc(-4% \/ 2 );\"><div class=\"fusion-layout-column fusion_builder_column fusion-builder-column-0 fusion_builder_column_1_1 1_1 fusion-flex-column\" style=\"--awb-bg-size:cover;--awb-width-large:100%;--awb-margin-top-large:0px;--awb-spacing-right-large:1.92%;--awb-margin-bottom-large:20px;--awb-spacing-left-large:1.92%;--awb-width-medium:100%;--awb-order-medium:0;--awb-spacing-right-medium:1.92%;--awb-spacing-left-medium:1.92%;--awb-width-small:100%;--awb-order-small:0;--awb-spacing-right-small:1.92%;--awb-spacing-left-small:1.92%;\"><div class=\"fusion-column-wrapper fusion-column-has-shadow fusion-flex-justify-content-flex-start fusion-content-layout-column\"><div class=\"fusion-text fusion-text-1\" style=\"--awb-font-size:35px;--awb-text-font-family:&quot;Sequel&quot;;--awb-text-font-style:normal;--awb-text-font-weight:400;\"><p style=\"text-align: center;\">CONVENIOS<\/p>\n<\/div><\/div><\/div><div class=\"fusion-layout-column fusion_builder_column fusion-builder-column-1 fusion_builder_column_1_1 1_1 fusion-flex-column\" style=\"--awb-bg-size:cover;--awb-width-large:100%;--awb-margin-top-large:0px;--awb-spacing-right-large:1.92%;--awb-margin-bottom-large:20px;--awb-spacing-left-large:1.92%;--awb-width-medium:100%;--awb-order-medium:0;--awb-spacing-right-medium:1.92%;--awb-spacing-left-medium:1.92%;--awb-width-small:100%;--awb-order-small:0;--awb-spacing-right-small:1.92%;--awb-spacing-left-small:1.92%;\"><div class=\"fusion-column-wrapper fusion-column-has-shadow fusion-flex-justify-content-flex-start fusion-content-layout-column\"><div class=\"fusion-text fusion-text-2\" style=\"--awb-font-size:35px;--awb-text-color:#fd9317;--awb-margin-top:-35px;\"><h2 style=\"text-align: center;\"><b>ESCOGE TU <span style=\"color: #fd9317;\">CAJA DE COMPENSACI\u00d3N<\/span><\/b><\/h2>\n<\/div><\/div><\/div><\/div><\/div><div class=\"fusion-fullwidth fullwidth-box fusion-builder-row-2 fusion-flex-container has-pattern-background has-mask-background nonhundred-percent-fullwidth non-hundred-percent-height-scrolling\" style=\"--awb-border-radius-top-left:0px;--awb-border-radius-top-right:0px;--awb-border-radius-bottom-right:0px;--awb-border-radius-bottom-left:0px;--awb-flex-wrap:wrap;\" ><div class=\"fusion-builder-row fusion-row fusion-flex-align-items-flex-start fusion-flex-content-wrap\" style=\"max-width:1248px;margin-left: calc(-4% \/ 2 );margin-right: calc(-4% \/ 2 );\"><div class=\"fusion-layout-column fusion_builder_column fusion-builder-column-2 fusion_builder_column_1_2 1_2 fusion-flex-column fusion-column-inner-bg-wrapper\" style=\"--awb-inner-bg-size:cover;--awb-width-large:50%;--awb-margin-top-large:0px;--awb-spacing-right-large:3.84%;--awb-margin-bottom-large:20px;--awb-spacing-left-large:3.84%;--awb-width-medium:50%;--awb-order-medium:0;--awb-spacing-right-medium:3.84%;--awb-spacing-left-medium:3.84%;--awb-width-small:100%;--awb-order-small:0;--awb-spacing-right-small:1.92%;--awb-spacing-left-small:1.92%;\"><span class=\"fusion-column-inner-bg hover-type-none\"><a class=\"fusion-column-anchor\" href=\"https:\/\/templofit.com.co\/index.php\/comfamiliar\/\"><span class=\"fusion-column-inner-bg-image\"><\/span><\/a><\/span><div class=\"fusion-column-wrapper fusion-column-has-shadow fusion-flex-justify-content-flex-start fusion-content-layout-column\"><div class=\"fusion-image-element \" style=\"--awb-caption-title-font-family:var(--h2_typography-font-family);--awb-caption-title-font-weight:var(--h2_typography-font-weight);--awb-caption-title-font-style:var(--h2_typography-font-style);--awb-caption-title-size:var(--h2_typography-font-size);--awb-caption-title-transform:var(--h2_typography-text-transform);--awb-caption-title-line-height:var(--h2_typography-line-height);--awb-caption-title-letter-spacing:var(--h2_typography-letter-spacing);\"><span class=\" fusion-imageframe imageframe-none imageframe-1 hover-type-zoomin hover-image-swap\"><img decoding=\"async\" width=\"1400\" height=\"916\" title=\"15\" data-src=\"https:\/\/templofit.com.co\/wp-content\/uploads\/2025\/04\/15.webp\" alt class=\"img-responsive wp-image-5508 lazyload\" data-srcset=\"https:\/\/templofit.com.co\/wp-content\/uploads\/2025\/04\/15-200x131.webp 200w, https:\/\/templofit.com.co\/wp-content\/uploads\/2025\/04\/15-400x262.webp 400w, https:\/\/templofit.com.co\/wp-content\/uploads\/2025\/04\/15-500x327.webp 500w, https:\/\/templofit.com.co\/wp-content\/uploads\/2025\/04\/15-600x393.webp 600w, https:\/\/templofit.com.co\/wp-content\/uploads\/2025\/04\/15-700x458.webp 700w, https:\/\/templofit.com.co\/wp-content\/uploads\/2025\/04\/15-768x502.webp 768w, https:\/\/templofit.com.co\/wp-content\/uploads\/2025\/04\/15-800x523.webp 800w, https:\/\/templofit.com.co\/wp-content\/uploads\/2025\/04\/15-1200x785.webp 1200w, https:\/\/templofit.com.co\/wp-content\/uploads\/2025\/04\/15.webp 1400w\" data-sizes=\"(max-width: 809px) 100vw, 600px\" src=\"data:image\/svg+xml;base64,PHN2ZyB3aWR0aD0iMSIgaGVpZ2h0PSIxIiB4bWxucz0iaHR0cDovL3d3dy53My5vcmcvMjAwMC9zdmciPjwvc3ZnPg==\" style=\"--smush-placeholder-width: 1400px; --smush-placeholder-aspect-ratio: 1400\/916;\" \/><\/span><\/div><\/div><\/div><div class=\"fusion-layout-column fusion_builder_column fusion-builder-column-3 fusion_builder_column_1_2 1_2 fusion-flex-column\" style=\"--awb-bg-size:cover;--awb-width-large:50%;--awb-margin-top-large:0px;--awb-spacing-right-large:3.84%;--awb-margin-bottom-large:20px;--awb-spacing-left-large:3.84%;--awb-width-medium:50%;--awb-order-medium:0;--awb-spacing-right-medium:3.84%;--awb-spacing-left-medium:3.84%;--awb-width-small:100%;--awb-order-small:0;--awb-spacing-right-small:1.92%;--awb-spacing-left-small:1.92%;\"><div class=\"fusion-column-wrapper fusion-column-has-shadow fusion-flex-justify-content-flex-start fusion-content-layout-column\"><div class=\"fusion-image-element \" style=\"--awb-caption-title-font-family:var(--h2_typography-font-family);--awb-caption-title-font-weight:var(--h2_typography-font-weight);--awb-caption-title-font-style:var(--h2_typography-font-style);--awb-caption-title-size:var(--h2_typography-font-size);--awb-caption-title-transform:var(--h2_typography-text-transform);--awb-caption-title-line-height:var(--h2_typography-line-height);--awb-caption-title-letter-spacing:var(--h2_typography-letter-spacing);\"><span class=\" fusion-imageframe imageframe-none imageframe-2 hover-type-zoomin\"><a href=\"https:\/\/templofit.com.co\/wp-content\/uploads\/2026\/02\/6.png\" class=\"fusion-lightbox\" data-rel=\"iLightbox[5eddf290cf7b832bfe8]\" data-title=\"6\" title=\"16\"><img decoding=\"async\" width=\"1400\" height=\"916\" data-src=\"https:\/\/templofit.com.co\/wp-content\/uploads\/2025\/04\/16.webp\" alt class=\"img-responsive wp-image-5509 lazyload\" data-srcset=\"https:\/\/templofit.com.co\/wp-content\/uploads\/2025\/04\/16-200x131.webp 200w, https:\/\/templofit.com.co\/wp-content\/uploads\/2025\/04\/16-400x262.webp 400w, https:\/\/templofit.com.co\/wp-content\/uploads\/2025\/04\/16-500x327.webp 500w, https:\/\/templofit.com.co\/wp-content\/uploads\/2025\/04\/16-600x393.webp 600w, https:\/\/templofit.com.co\/wp-content\/uploads\/2025\/04\/16-700x458.webp 700w, https:\/\/templofit.com.co\/wp-content\/uploads\/2025\/04\/16-768x502.webp 768w, https:\/\/templofit.com.co\/wp-content\/uploads\/2025\/04\/16-800x523.webp 800w, https:\/\/templofit.com.co\/wp-content\/uploads\/2025\/04\/16-1200x785.webp 1200w, https:\/\/templofit.com.co\/wp-content\/uploads\/2025\/04\/16.webp 1400w\" data-sizes=\"(max-width: 809px) 100vw, 600px\" src=\"data:image\/svg+xml;base64,PHN2ZyB3aWR0aD0iMSIgaGVpZ2h0PSIxIiB4bWxucz0iaHR0cDovL3d3dy53My5vcmcvMjAwMC9zdmciPjwvc3ZnPg==\" style=\"--smush-placeholder-width: 1400px; --smush-placeholder-aspect-ratio: 1400\/916;\" \/><\/a><\/span><\/div><\/div><\/div><div class=\"fusion-layout-column fusion_builder_column fusion-builder-column-4 fusion_builder_column_1_2 1_2 fusion-flex-column fusion-column-inner-bg-wrapper\" style=\"--awb-inner-bg-size:cover;--awb-width-large:50%;--awb-margin-top-large:0px;--awb-spacing-right-large:3.84%;--awb-margin-bottom-large:20px;--awb-spacing-left-large:3.84%;--awb-width-medium:50%;--awb-order-medium:0;--awb-spacing-right-medium:3.84%;--awb-spacing-left-medium:3.84%;--awb-width-small:100%;--awb-order-small:0;--awb-spacing-right-small:1.92%;--awb-spacing-left-small:1.92%;\" data-scroll-devices=\"small-visibility,medium-visibility,large-visibility\"><span class=\"fusion-column-inner-bg hover-type-none\"><a class=\"fusion-column-anchor\" href=\"https:\/\/templofit.com.co\/index.php\/estudiantes\/\"><span class=\"fusion-column-inner-bg-image\"><\/span><\/a><\/span><div class=\"fusion-column-wrapper fusion-column-has-shadow fusion-flex-justify-content-flex-start fusion-content-layout-column\"><div class=\"fusion-image-element \" style=\"--awb-caption-title-font-family:var(--h2_typography-font-family);--awb-caption-title-font-weight:var(--h2_typography-font-weight);--awb-caption-title-font-style:var(--h2_typography-font-style);--awb-caption-title-size:var(--h2_typography-font-size);--awb-caption-title-transform:var(--h2_typography-text-transform);--awb-caption-title-line-height:var(--h2_typography-line-height);--awb-caption-title-letter-spacing:var(--h2_typography-letter-spacing);\"><span class=\" fusion-imageframe imageframe-none imageframe-3 hover-type-zoomin\"><img decoding=\"async\" width=\"1400\" height=\"916\" title=\"17\" data-src=\"https:\/\/templofit.com.co\/wp-content\/uploads\/2025\/04\/17.webp\" alt class=\"img-responsive wp-image-5510 lazyload\" data-srcset=\"https:\/\/templofit.com.co\/wp-content\/uploads\/2025\/04\/17-200x131.webp 200w, https:\/\/templofit.com.co\/wp-content\/uploads\/2025\/04\/17-400x262.webp 400w, https:\/\/templofit.com.co\/wp-content\/uploads\/2025\/04\/17-500x327.webp 500w, https:\/\/templofit.com.co\/wp-content\/uploads\/2025\/04\/17-600x393.webp 600w, https:\/\/templofit.com.co\/wp-content\/uploads\/2025\/04\/17-700x458.webp 700w, https:\/\/templofit.com.co\/wp-content\/uploads\/2025\/04\/17-768x502.webp 768w, https:\/\/templofit.com.co\/wp-content\/uploads\/2025\/04\/17-800x523.webp 800w, https:\/\/templofit.com.co\/wp-content\/uploads\/2025\/04\/17-1200x785.webp 1200w, https:\/\/templofit.com.co\/wp-content\/uploads\/2025\/04\/17.webp 1400w\" data-sizes=\"(max-width: 809px) 100vw, 600px\" src=\"data:image\/svg+xml;base64,PHN2ZyB3aWR0aD0iMSIgaGVpZ2h0PSIxIiB4bWxucz0iaHR0cDovL3d3dy53My5vcmcvMjAwMC9zdmciPjwvc3ZnPg==\" style=\"--smush-placeholder-width: 1400px; --smush-placeholder-aspect-ratio: 1400\/916;\" \/><\/span><\/div><\/div><\/div><div class=\"fusion-layout-column fusion_builder_column fusion-builder-column-5 fusion_builder_column_1_2 1_2 fusion-flex-column fusion-column-inner-bg-wrapper\" style=\"--awb-inner-bg-size:cover;--awb-width-large:50%;--awb-margin-top-large:0px;--awb-spacing-right-large:3.84%;--awb-margin-bottom-large:20px;--awb-spacing-left-large:3.84%;--awb-width-medium:50%;--awb-order-medium:0;--awb-spacing-right-medium:3.84%;--awb-spacing-left-medium:3.84%;--awb-width-small:100%;--awb-order-small:0;--awb-spacing-right-small:1.92%;--awb-spacing-left-small:1.92%;\" data-scroll-devices=\"small-visibility,medium-visibility,large-visibility\"><span class=\"fusion-column-inner-bg hover-type-none\"><a class=\"fusion-column-anchor\" href=\"https:\/\/templofit.com.co\/index.php\/militar-policia\/\"><span class=\"fusion-column-inner-bg-image\"><\/span><\/a><\/span><div class=\"fusion-column-wrapper fusion-column-has-shadow fusion-flex-justify-content-flex-start fusion-content-layout-column\"><div class=\"fusion-image-element \" style=\"--awb-caption-title-font-family:var(--h2_typography-font-family);--awb-caption-title-font-weight:var(--h2_typography-font-weight);--awb-caption-title-font-style:var(--h2_typography-font-style);--awb-caption-title-size:var(--h2_typography-font-size);--awb-caption-title-transform:var(--h2_typography-text-transform);--awb-caption-title-line-height:var(--h2_typography-line-height);--awb-caption-title-letter-spacing:var(--h2_typography-letter-spacing);\"><span class=\" fusion-imageframe imageframe-none imageframe-4 hover-type-zoomin\"><img decoding=\"async\" width=\"1400\" height=\"916\" title=\"18\" data-src=\"https:\/\/templofit.com.co\/wp-content\/uploads\/2025\/04\/18.webp\" alt class=\"img-responsive wp-image-5511 lazyload\" data-srcset=\"https:\/\/templofit.com.co\/wp-content\/uploads\/2025\/04\/18-200x131.webp 200w, https:\/\/templofit.com.co\/wp-content\/uploads\/2025\/04\/18-400x262.webp 400w, https:\/\/templofit.com.co\/wp-content\/uploads\/2025\/04\/18-500x327.webp 500w, https:\/\/templofit.com.co\/wp-content\/uploads\/2025\/04\/18-600x393.webp 600w, https:\/\/templofit.com.co\/wp-content\/uploads\/2025\/04\/18-700x458.webp 700w, https:\/\/templofit.com.co\/wp-content\/uploads\/2025\/04\/18-768x502.webp 768w, https:\/\/templofit.com.co\/wp-content\/uploads\/2025\/04\/18-800x523.webp 800w, https:\/\/templofit.com.co\/wp-content\/uploads\/2025\/04\/18-1200x785.webp 1200w, https:\/\/templofit.com.co\/wp-content\/uploads\/2025\/04\/18.webp 1400w\" data-sizes=\"(max-width: 809px) 100vw, 600px\" src=\"data:image\/svg+xml;base64,PHN2ZyB3aWR0aD0iMSIgaGVpZ2h0PSIxIiB4bWxucz0iaHR0cDovL3d3dy53My5vcmcvMjAwMC9zdmciPjwvc3ZnPg==\" style=\"--smush-placeholder-width: 1400px; --smush-placeholder-aspect-ratio: 1400\/916;\" \/><\/span><\/div><\/div><\/div><\/div><\/div><div class=\"fusion-fullwidth fullwidth-box fusion-builder-row-3 fusion-flex-container has-pattern-background has-mask-background nonhundred-percent-fullwidth non-hundred-percent-height-scrolling\" style=\"--awb-border-radius-top-left:0px;--awb-border-radius-top-right:0px;--awb-border-radius-bottom-right:0px;--awb-border-radius-bottom-left:0px;--awb-flex-wrap:wrap;\" ><div class=\"fusion-builder-row fusion-row fusion-flex-align-items-flex-start fusion-flex-content-wrap\" style=\"max-width:1248px;margin-left: calc(-4% \/ 2 );margin-right: calc(-4% \/ 2 );\"><div class=\"fusion-layout-column fusion_builder_column fusion-builder-column-6 fusion_builder_column_1_1 1_1 fusion-flex-column\" style=\"--awb-bg-size:cover;--awb-width-large:100%;--awb-margin-top-large:0px;--awb-spacing-right-large:1.92%;--awb-margin-bottom-large:20px;--awb-spacing-left-large:1.92%;--awb-width-medium:100%;--awb-order-medium:0;--awb-spacing-right-medium:1.92%;--awb-spacing-left-medium:1.92%;--awb-width-small:100%;--awb-order-small:0;--awb-spacing-right-small:1.92%;--awb-spacing-left-small:1.92%;\"><div class=\"fusion-column-wrapper fusion-column-has-shadow fusion-flex-justify-content-flex-start fusion-content-layout-column\"><div class=\"fusion-text fusion-text-3\" style=\"--awb-font-size:20px;--awb-text-color:#fd9317;--awb-text-font-family:&quot;Sequel&quot;;--awb-text-font-style:normal;--awb-text-font-weight:400;\"><h3 style=\"text-align: center;\">SEG\u00daN TU CATEGOR\u00cdA DE AFILIACI\u00d3N Y LA SEDE QUE ELIJAS, PUEDES ENTRENAR, CUIDANDO TU CUERPO\u00a0Y DISFRUTAR DE DESCUENTOS EXCLUSIVOS EN TU MENSUALIDAD.<\/h3>\n<\/div><\/div><\/div><\/div><\/div><\/p>\n","protected":false},"excerpt":{"rendered":"","protected":false},"author":1,"featured_media":0,"parent":0,"menu_order":0,"comment_status":"closed","ping_status":"closed","template":"100-width.php","meta":{"footnotes":""},"class_list":["post-5183","page","type-page","status-publish","hentry"],"_links":{"self":[{"href":"https:\/\/templofit.com.co\/index.php\/wp-json\/wp\/v2\/pages\/5183","targetHints":{"allow":["GET"]}}],"collection":[{"href":"https:\/\/templofit.com.co\/index.php\/wp-json\/wp\/v2\/pages"}],"about":[{"href":"https:\/\/templofit.com.co\/index.php\/wp-json\/wp\/v2\/types\/page"}],"author":[{"embeddable":true,"href":"https:\/\/templofit.com.co\/index.php\/wp-json\/wp\/v2\/users\/1"}],"replies":[{"embeddable":true,"href":"https:\/\/templofit.com.co\/index.php\/wp-json\/wp\/v2\/comments?post=5183"}],"version-history":[{"count":71,"href":"https:\/\/templofit.com.co\/index.php\/wp-json\/wp\/v2\/pages\/5183\/revisions"}],"predecessor-version":[{"id":5926,"href":"https:\/\/templofit.com.co\/index.php\/wp-json\/wp\/v2\/pages\/5183\/revisions\/5926"}],"wp:attachment":[{"href":"https:\/\/templofit.com.co\/index.php\/wp-json\/wp\/v2\/media?parent=5183"}],"curies":[{"name":"wp","href":"https:\/\/api.w.org\/{rel}","templated":true}]}}