{"id":5031,"date":"2025-02-26T22:41:43","date_gmt":"2025-02-27T03:41:43","guid":{"rendered":"https:\/\/templofit.com.co\/?page_id=5031"},"modified":"2026-01-14T13:55:25","modified_gmt":"2026-01-14T18:55:25","slug":"personalizados-garzon","status":"publish","type":"page","link":"https:\/\/templofit.com.co\/index.php\/personalizados-garzon\/","title":{"rendered":"PERSONALIZADOS GARZ\u00d3N"},"content":{"rendered":"<p><div class=\"fusion-fullwidth fullwidth-box fusion-builder-row-1 fusion-flex-container has-pattern-background has-mask-background nonhundred-percent-fullwidth non-hundred-percent-height-scrolling\" style=\"--awb-border-radius-top-left:0px;--awb-border-radius-top-right:0px;--awb-border-radius-bottom-right:0px;--awb-border-radius-bottom-left:0px;--awb-flex-wrap:wrap;\" ><div class=\"fusion-builder-row fusion-row fusion-flex-align-items-flex-start fusion-flex-content-wrap\" style=\"max-width:1248px;margin-left: calc(-4% \/ 2 );margin-right: calc(-4% \/ 2 );\"><div class=\"fusion-layout-column fusion_builder_column fusion-builder-column-0 fusion_builder_column_1_1 1_1 fusion-flex-column\" style=\"--awb-bg-size:cover;--awb-width-large:100%;--awb-margin-top-large:0px;--awb-spacing-right-large:1.92%;--awb-margin-bottom-large:20px;--awb-spacing-left-large:1.92%;--awb-width-medium:100%;--awb-order-medium:0;--awb-spacing-right-medium:1.92%;--awb-spacing-left-medium:1.92%;--awb-width-small:100%;--awb-order-small:0;--awb-spacing-right-small:1.92%;--awb-spacing-left-small:1.92%;\"><div class=\"fusion-column-wrapper fusion-column-has-shadow fusion-flex-justify-content-flex-start fusion-content-layout-column\"><div class=\"fusion-text fusion-text-1 fusion-animated\" style=\"--awb-content-alignment:center;--awb-font-size:35px;--awb-text-font-family:&quot;Sequel&quot;;--awb-text-font-style:normal;--awb-text-font-weight:400;\" data-animationType=\"revealIn\" data-animationDuration=\"0.8\" data-animationDelay=\"0.4\" data-animationOffset=\"top-mid-of-view\"><p>ENTRENADOR <span style=\"color: #fd9317;\">PERSONALIZADO GARZ\u00d3N<\/span><\/p>\n<\/div><\/div><\/div><\/div><\/div><div class=\"fusion-fullwidth fullwidth-box fusion-builder-row-2 fusion-flex-container has-pattern-background has-mask-background nonhundred-percent-fullwidth non-hundred-percent-height-scrolling\" style=\"--awb-border-radius-top-left:0px;--awb-border-radius-top-right:0px;--awb-border-radius-bottom-right:0px;--awb-border-radius-bottom-left:0px;--awb-flex-wrap:wrap;\" ><div class=\"fusion-builder-row fusion-row fusion-flex-align-items-flex-start fusion-flex-content-wrap\" style=\"max-width:1248px;margin-left: calc(-4% \/ 2 );margin-right: calc(-4% \/ 2 );\"><div class=\"fusion-layout-column fusion_builder_column fusion-builder-column-1 fusion_builder_column_1_3 1_3 fusion-flex-column fusion-column-inner-bg-wrapper\" style=\"--awb-overflow:hidden;--awb-inner-bg-size:cover;--awb-box-shadow: 8px 8px rgba(178,178,178,0.77);;--awb-border-color:#000000;--awb-border-top:1px;--awb-border-right:1px;--awb-border-bottom:1px;--awb-border-left:1px;--awb-border-style:solid;--awb-border-radius:11px 11px 11px 11px;--awb-inner-bg-border-radius:11px 11px 11px 11px;--awb-inner-bg-overflow:hidden;--awb-width-large:33.333333333333%;--awb-margin-top-large:0px;--awb-spacing-right-large:5.76%;--awb-margin-bottom-large:20px;--awb-spacing-left-large:5.76%;--awb-width-medium:33.333333333333%;--awb-order-medium:0;--awb-spacing-right-medium:5.76%;--awb-spacing-left-medium:5.76%;--awb-width-small:100%;--awb-order-small:0;--awb-spacing-right-small:1.92%;--awb-spacing-left-small:1.92%;\" data-scroll-devices=\"small-visibility,medium-visibility,large-visibility\"><span class=\"fusion-column-inner-bg hover-type-none\"><a class=\"fusion-column-anchor\" href=\"https:\/\/wa.link\/gom5h4\"><span class=\"fusion-column-inner-bg-image\"><\/span><\/a><\/span><div class=\"fusion-column-wrapper fusion-column-has-shadow fusion-flex-justify-content-flex-start fusion-content-layout-column\"><div class=\"fusion-image-element \" style=\"--awb-caption-title-font-family:var(--h2_typography-font-family);--awb-caption-title-font-weight:var(--h2_typography-font-weight);--awb-caption-title-font-style:var(--h2_typography-font-style);--awb-caption-title-size:var(--h2_typography-font-size);--awb-caption-title-transform:var(--h2_typography-text-transform);--awb-caption-title-line-height:var(--h2_typography-line-height);--awb-caption-title-letter-spacing:var(--h2_typography-letter-spacing);\"><span class=\" fusion-imageframe imageframe-none imageframe-1 hover-type-zoomout\"><a class=\"fusion-no-lightbox\" href=\"https:\/\/wa.link\/a07lax\" target=\"_self\" aria-label=\"VICTOR HUGO ESPAN\u0303A.pdf\"><img decoding=\"async\" width=\"1365\" height=\"1365\" data-src=\"https:\/\/templofit.com.co\/wp-content\/uploads\/2026\/01\/VICTOR-HUGO-ESPANA.pdf.png\" alt class=\"img-responsive wp-image-5903 lazyload\" data-srcset=\"https:\/\/templofit.com.co\/wp-content\/uploads\/2026\/01\/VICTOR-HUGO-ESPANA.pdf-200x200.png 200w, https:\/\/templofit.com.co\/wp-content\/uploads\/2026\/01\/VICTOR-HUGO-ESPANA.pdf-400x400.png 400w, https:\/\/templofit.com.co\/wp-content\/uploads\/2026\/01\/VICTOR-HUGO-ESPANA.pdf-600x600.png 600w, https:\/\/templofit.com.co\/wp-content\/uploads\/2026\/01\/VICTOR-HUGO-ESPANA.pdf-800x800.png 800w, https:\/\/templofit.com.co\/wp-content\/uploads\/2026\/01\/VICTOR-HUGO-ESPANA.pdf-1200x1200.png 1200w, https:\/\/templofit.com.co\/wp-content\/uploads\/2026\/01\/VICTOR-HUGO-ESPANA.pdf.png 1365w\" data-sizes=\"(max-width: 809px) 100vw, 400px\" src=\"data:image\/svg+xml;base64,PHN2ZyB3aWR0aD0iMSIgaGVpZ2h0PSIxIiB4bWxucz0iaHR0cDovL3d3dy53My5vcmcvMjAwMC9zdmciPjwvc3ZnPg==\" style=\"--smush-placeholder-width: 1365px; --smush-placeholder-aspect-ratio: 1365\/1365;\" \/><\/a><\/span><\/div><div class=\"fusion-text fusion-text-2\" style=\"--awb-margin-top:11px;\"><h2 style=\"text-align: center;\">JEFFERSON TRUJILLO<\/h2>\n<\/div><div class=\"fusion-text fusion-text-3\" style=\"--awb-content-alignment:center;--awb-font-size:11px;--awb-margin-top:-11px;--awb-text-font-family:&#039;Arial Black&#039;, Gadget, sans-serif;--awb-text-font-style:normal;--awb-text-font-weight:400;\"><p>\u2713 COACH ONLINE Y PRESENCIAL<br \/>\n\u2713 +6 A\u00d1OS DE EXPERIENCIA FITNESS<br \/>\n\u2713 TRABAJEMOS EN TU MEJOR VERSI\u00d3N<\/p>\n<\/div><div ><a class=\"fusion-button button-3d fusion-button-default-size button-default fusion-button-default button-1 fusion-button-span-yes \" style=\"--button-border-radius-top-left:11px;--button-border-radius-top-right:11px;--button-border-radius-bottom-right:11px;--button-border-radius-bottom-left:11px;--button_margin-right:11px;--button_margin-bottom:11px;width:calc(100% - 11px);\" target=\"_self\" href=\"https:\/\/wa.link\/gom5h4\"><i class=\"fa-phone-alt fas button-icon-left\" aria-hidden=\"true\"><\/i><span class=\"fusion-button-text\">WHATSAPP<\/span><\/a><\/div><\/div><\/div><div class=\"fusion-layout-column fusion_builder_column fusion-builder-column-2 fusion_builder_column_1_3 1_3 fusion-flex-column fusion-column-inner-bg-wrapper\" style=\"--awb-overflow:hidden;--awb-inner-bg-size:cover;--awb-box-shadow: 8px 8px rgba(178,178,178,0.77);;--awb-border-color:#000000;--awb-border-top:1px;--awb-border-right:1px;--awb-border-bottom:1px;--awb-border-left:1px;--awb-border-style:solid;--awb-border-radius:11px 11px 11px 11px;--awb-inner-bg-border-radius:11px 11px 11px 11px;--awb-inner-bg-overflow:hidden;--awb-width-large:33.333333333333%;--awb-margin-top-large:0px;--awb-spacing-right-large:5.76%;--awb-margin-bottom-large:20px;--awb-spacing-left-large:5.76%;--awb-width-medium:33.333333333333%;--awb-order-medium:0;--awb-spacing-right-medium:5.76%;--awb-spacing-left-medium:5.76%;--awb-width-small:100%;--awb-order-small:0;--awb-spacing-right-small:1.92%;--awb-spacing-left-small:1.92%;\" data-scroll-devices=\"small-visibility,medium-visibility,large-visibility\"><span class=\"fusion-column-inner-bg hover-type-none\"><a class=\"fusion-column-anchor\" href=\"https:\/\/wa.link\/gom5h4\"><span class=\"fusion-column-inner-bg-image\"><\/span><\/a><\/span><div class=\"fusion-column-wrapper fusion-column-has-shadow fusion-flex-justify-content-flex-start fusion-content-layout-column\"><div class=\"fusion-image-element \" style=\"--awb-caption-title-font-family:var(--h2_typography-font-family);--awb-caption-title-font-weight:var(--h2_typography-font-weight);--awb-caption-title-font-style:var(--h2_typography-font-style);--awb-caption-title-size:var(--h2_typography-font-size);--awb-caption-title-transform:var(--h2_typography-text-transform);--awb-caption-title-line-height:var(--h2_typography-line-height);--awb-caption-title-letter-spacing:var(--h2_typography-letter-spacing);\"><span class=\" fusion-imageframe imageframe-none imageframe-2 hover-type-zoomout\"><a class=\"fusion-no-lightbox\" href=\"https:\/\/wa.link\/a07lax\" target=\"_self\" aria-label=\"2 (12)\"><img decoding=\"async\" width=\"1000\" height=\"1000\" data-src=\"https:\/\/templofit.com.co\/wp-content\/uploads\/2025\/04\/2-12.webp\" alt class=\"img-responsive wp-image-5597 lazyload\" data-srcset=\"https:\/\/templofit.com.co\/wp-content\/uploads\/2025\/04\/2-12-66x66.webp 66w, https:\/\/templofit.com.co\/wp-content\/uploads\/2025\/04\/2-12-200x200.webp 200w, https:\/\/templofit.com.co\/wp-content\/uploads\/2025\/04\/2-12-400x400.webp 400w, https:\/\/templofit.com.co\/wp-content\/uploads\/2025\/04\/2-12-500x500.webp 500w, https:\/\/templofit.com.co\/wp-content\/uploads\/2025\/04\/2-12-600x600.webp 600w, https:\/\/templofit.com.co\/wp-content\/uploads\/2025\/04\/2-12-700x700.webp 700w, https:\/\/templofit.com.co\/wp-content\/uploads\/2025\/04\/2-12-768x768.webp 768w, https:\/\/templofit.com.co\/wp-content\/uploads\/2025\/04\/2-12-800x800.webp 800w, https:\/\/templofit.com.co\/wp-content\/uploads\/2025\/04\/2-12.webp 1000w\" data-sizes=\"(max-width: 809px) 100vw, 400px\" src=\"data:image\/svg+xml;base64,PHN2ZyB3aWR0aD0iMSIgaGVpZ2h0PSIxIiB4bWxucz0iaHR0cDovL3d3dy53My5vcmcvMjAwMC9zdmciPjwvc3ZnPg==\" style=\"--smush-placeholder-width: 1000px; --smush-placeholder-aspect-ratio: 1000\/1000;\" \/><\/a><\/span><\/div><div class=\"fusion-text fusion-text-4\" style=\"--awb-margin-top:11px;\"><h2 style=\"text-align: center;\">ANDRES FELIPE MURCIA<\/h2>\n<\/div><div class=\"fusion-text fusion-text-5\" style=\"--awb-content-alignment:center;--awb-font-size:11px;--awb-margin-top:-11px;--awb-text-font-family:&#039;Arial Black&#039;, Gadget, sans-serif;--awb-text-font-style:normal;--awb-text-font-weight:400;\"><p>\u2713 ENTRENADOR PRESENCIAL<br \/>\n\u2713 +3 A\u00d1OS DE ENTRENADOR FITNESS<br \/>\n\u2713 #LOGRAESECAMBIO<\/p>\n<\/div><div ><a class=\"fusion-button button-3d fusion-button-default-size button-default fusion-button-default button-2 fusion-button-span-yes \" style=\"--button-border-radius-top-left:11px;--button-border-radius-top-right:11px;--button-border-radius-bottom-right:11px;--button-border-radius-bottom-left:11px;--button_margin-right:11px;--button_margin-bottom:11px;width:calc(100% - 11px);\" target=\"_self\" href=\"https:\/\/wa.link\/mr66a4\"><i class=\"fa-phone-alt fas button-icon-left\" aria-hidden=\"true\"><\/i><span class=\"fusion-button-text\">WHATSAPP<\/span><\/a><\/div><\/div><\/div><div class=\"fusion-layout-column fusion_builder_column fusion-builder-column-3 fusion_builder_column_1_3 1_3 fusion-flex-column\" style=\"--awb-bg-size:cover;--awb-width-large:33.333333333333%;--awb-margin-top-large:0px;--awb-spacing-right-large:5.76%;--awb-margin-bottom-large:20px;--awb-spacing-left-large:5.76%;--awb-width-medium:33.333333333333%;--awb-order-medium:0;--awb-spacing-right-medium:5.76%;--awb-spacing-left-medium:5.76%;--awb-width-small:100%;--awb-order-small:0;--awb-spacing-right-small:1.92%;--awb-spacing-left-small:1.92%;\"><div class=\"fusion-column-wrapper fusion-column-has-shadow fusion-flex-justify-content-flex-start fusion-content-layout-column\"><\/div><\/div><div class=\"fusion-layout-column fusion_builder_column fusion-builder-column-4 fusion_builder_column_1_3 1_3 fusion-flex-column\" style=\"--awb-bg-size:cover;--awb-width-large:33.333333333333%;--awb-margin-top-large:0px;--awb-spacing-right-large:5.76%;--awb-margin-bottom-large:20px;--awb-spacing-left-large:5.76%;--awb-width-medium:33.333333333333%;--awb-order-medium:0;--awb-spacing-right-medium:5.76%;--awb-spacing-left-medium:5.76%;--awb-width-small:100%;--awb-order-small:0;--awb-spacing-right-small:1.92%;--awb-spacing-left-small:1.92%;\"><div class=\"fusion-column-wrapper fusion-column-has-shadow fusion-flex-justify-content-flex-start fusion-content-layout-column\"><\/div><\/div><\/div><\/div><div class=\"fusion-fullwidth fullwidth-box fusion-builder-row-3 fusion-flex-container has-pattern-background has-mask-background nonhundred-percent-fullwidth non-hundred-percent-height-scrolling\" style=\"--awb-border-radius-top-left:0px;--awb-border-radius-top-right:0px;--awb-border-radius-bottom-right:0px;--awb-border-radius-bottom-left:0px;--awb-flex-wrap:wrap;\" ><div class=\"fusion-builder-row fusion-row fusion-flex-align-items-flex-start fusion-flex-content-wrap\" style=\"max-width:1248px;margin-left: calc(-4% \/ 2 );margin-right: calc(-4% \/ 2 );\"><div class=\"fusion-layout-column fusion_builder_column fusion-builder-column-5 fusion_builder_column_2_3 2_3 fusion-flex-column\" style=\"--awb-bg-size:cover;--awb-width-large:66.666666666667%;--awb-margin-top-large:0px;--awb-spacing-right-large:2.88%;--awb-margin-bottom-large:20px;--awb-spacing-left-large:2.88%;--awb-width-medium:66.666666666667%;--awb-order-medium:0;--awb-spacing-right-medium:2.88%;--awb-spacing-left-medium:2.88%;--awb-width-small:100%;--awb-order-small:0;--awb-spacing-right-small:1.92%;--awb-spacing-left-small:1.92%;\"><div class=\"fusion-column-wrapper fusion-column-has-shadow fusion-flex-justify-content-flex-start fusion-content-layout-column\"><div class=\"fusion-image-element \" style=\"--awb-caption-title-font-family:var(--h2_typography-font-family);--awb-caption-title-font-weight:var(--h2_typography-font-weight);--awb-caption-title-font-style:var(--h2_typography-font-style);--awb-caption-title-size:var(--h2_typography-font-size);--awb-caption-title-transform:var(--h2_typography-text-transform);--awb-caption-title-line-height:var(--h2_typography-line-height);--awb-caption-title-letter-spacing:var(--h2_typography-letter-spacing);\"><span class=\" fusion-imageframe imageframe-none imageframe-3 hover-type-zoomin\"><img decoding=\"async\" width=\"800\" height=\"631\" title=\"ENTRENAMIENTO PERSONALIZADO\" data-src=\"https:\/\/templofit.com.co\/wp-content\/uploads\/2024\/11\/ENTRENAMIENTO-PERSONALIZADO.jpg\" alt class=\"img-responsive wp-image-3703 lazyload\" data-srcset=\"https:\/\/templofit.com.co\/wp-content\/uploads\/2024\/11\/ENTRENAMIENTO-PERSONALIZADO-200x158.jpg 200w, https:\/\/templofit.com.co\/wp-content\/uploads\/2024\/11\/ENTRENAMIENTO-PERSONALIZADO-400x316.jpg 400w, https:\/\/templofit.com.co\/wp-content\/uploads\/2024\/11\/ENTRENAMIENTO-PERSONALIZADO-600x473.jpg 600w, https:\/\/templofit.com.co\/wp-content\/uploads\/2024\/11\/ENTRENAMIENTO-PERSONALIZADO.jpg 800w\" data-sizes=\"(max-width: 809px) 100vw, 800px\" src=\"data:image\/svg+xml;base64,PHN2ZyB3aWR0aD0iMSIgaGVpZ2h0PSIxIiB4bWxucz0iaHR0cDovL3d3dy53My5vcmcvMjAwMC9zdmciPjwvc3ZnPg==\" style=\"--smush-placeholder-width: 800px; --smush-placeholder-aspect-ratio: 800\/631;\" \/><\/span><\/div><\/div><\/div><section class=\"fusion-layout-column fusion_builder_column fusion-builder-column-6 fusion_builder_column_1_3 1_3 fusion-flex-column\" style=\"--awb-bg-size:cover;--awb-width-large:33.333333333333%;--awb-margin-top-large:0px;--awb-spacing-right-large:5.76%;--awb-margin-bottom-large:20px;--awb-spacing-left-large:5.76%;--awb-width-medium:33.333333333333%;--awb-order-medium:0;--awb-spacing-right-medium:5.76%;--awb-spacing-left-medium:5.76%;--awb-width-small:100%;--awb-order-small:0;--awb-spacing-right-small:1.92%;--awb-spacing-left-small:1.92%;\"><div class=\"fusion-column-wrapper fusion-column-has-shadow fusion-flex-justify-content-flex-start fusion-content-layout-block\"><div class=\"fusion-text fusion-text-6\"><table border=\"0\" width=\"776\">\n<tbody>\n<tr>\n<td><\/td>\n<td>\n<ul>\n<li><strong>VALORACI\u00d3N F\u00cdSICA: <\/strong>Examen de composici\u00f3n corporal que determina tu rutina de entrenamiento.<\/li>\n<\/ul>\n<\/td>\n<\/tr>\n<tr>\n<td><\/td>\n<td>\n<ul>\n<li><strong>PLAN DE ENTRENAMIENTO: <\/strong>Creaci\u00f3n de un programa de entrenamiento enfocados a tus objetivos, de acuerdo a tu condici\u00f3n y capacidad f\u00edsica.<\/li>\n<\/ul>\n<\/td>\n<\/tr>\n<tr>\n<td><\/td>\n<td>\n<ul>\n<li><strong>ACOMPA\u00d1AMIENTO INDIVIDUAL: <\/strong>Asesor\u00eda y correcci\u00f3n en la ejecuci\u00f3n de ejercicios.<\/li>\n<\/ul>\n<\/td>\n<\/tr>\n<\/tbody>\n<\/table>\n<p>Recuerda que t\u00fa bienestar es parte de una vida plena <strong>#TeCuidoMeCuidas<\/strong>.<strong style=\"color: var(--awb-text-color); font-family: var(--awb-text-font-family); font-size: var(--awb-font-size); font-style: var(--awb-text-font-style); letter-spacing: var(--awb-letter-spacing); text-align: var(--awb-content-alignment); text-transform: var(--awb-text-transform); background-color: var(--awb-bg-color-hover);\">Aplican TyC<\/strong><\/p>\n<\/div><\/div><\/section><\/div><\/div><\/p>\n","protected":false},"excerpt":{"rendered":"","protected":false},"author":1,"featured_media":0,"parent":0,"menu_order":0,"comment_status":"closed","ping_status":"closed","template":"100-width.php","meta":{"footnotes":""},"class_list":["post-5031","page","type-page","status-publish","hentry"],"_links":{"self":[{"href":"https:\/\/templofit.com.co\/index.php\/wp-json\/wp\/v2\/pages\/5031","targetHints":{"allow":["GET"]}}],"collection":[{"href":"https:\/\/templofit.com.co\/index.php\/wp-json\/wp\/v2\/pages"}],"about":[{"href":"https:\/\/templofit.com.co\/index.php\/wp-json\/wp\/v2\/types\/page"}],"author":[{"embeddable":true,"href":"https:\/\/templofit.com.co\/index.php\/wp-json\/wp\/v2\/users\/1"}],"replies":[{"embeddable":true,"href":"https:\/\/templofit.com.co\/index.php\/wp-json\/wp\/v2\/comments?post=5031"}],"version-history":[{"count":15,"href":"https:\/\/templofit.com.co\/index.php\/wp-json\/wp\/v2\/pages\/5031\/revisions"}],"predecessor-version":[{"id":5904,"href":"https:\/\/templofit.com.co\/index.php\/wp-json\/wp\/v2\/pages\/5031\/revisions\/5904"}],"wp:attachment":[{"href":"https:\/\/templofit.com.co\/index.php\/wp-json\/wp\/v2\/media?parent=5031"}],"curies":[{"name":"wp","href":"https:\/\/api.w.org\/{rel}","templated":true}]}}